{"id":185,"date":"2018-02-02T17:56:04","date_gmt":"2018-02-02T17:56:04","guid":{"rendered":"http:\/\/beta.carrelagesserco.ca\/?page_id=185"},"modified":"2020-11-23T15:22:17","modified_gmt":"2020-11-23T15:22:17","slug":"realisations","status":"publish","type":"page","link":"https:\/\/www.carrelagesserco.ca\/index.php\/realisations\/","title":{"rendered":"R\u00e9alisations"},"content":{"rendered":"<p style=\"text-align: left;\"><strong> Voici quelques projets que nous avons r\u00e9alis\u00e9s:<\/strong><\/p>\n<p style=\"text-align: left;\"><strong>Palais des Congr\u00e8s de Montr\u00e9al<\/strong><\/p>\n<p style=\"text-align: left;\">Granit chinois (quatre finis diff\u00e9rents) 15mm x 1m, install\u00e9 sur lite de mortier fait par nous<\/p>\n<p><img loading=\"lazy\" decoding=\"async\" class=\"size-medium wp-image-322 alignleft\" src=\"http:\/\/beta.carrelagesserco.ca\/wp-content\/uploads\/2018\/02\/0039-300x199.jpg\" alt=\"\" width=\"300\" height=\"199\" srcset=\"https:\/\/www.carrelagesserco.ca\/wp-content\/uploads\/2018\/02\/0039-300x199.jpg 300w, https:\/\/www.carrelagesserco.ca\/wp-content\/uploads\/2018\/02\/0039-768x510.jpg 768w, https:\/\/www.carrelagesserco.ca\/wp-content\/uploads\/2018\/02\/0039-700x465.jpg 700w, https:\/\/www.carrelagesserco.ca\/wp-content\/uploads\/2018\/02\/0039-520x345.jpg 520w, https:\/\/www.carrelagesserco.ca\/wp-content\/uploads\/2018\/02\/0039-360x239.jpg 360w, https:\/\/www.carrelagesserco.ca\/wp-content\/uploads\/2018\/02\/0039-250x166.jpg 250w, https:\/\/www.carrelagesserco.ca\/wp-content\/uploads\/2018\/02\/0039-100x66.jpg 100w, https:\/\/www.carrelagesserco.ca\/wp-content\/uploads\/2018\/02\/0039.jpg 867w\" sizes=\"auto, (max-width: 300px) 100vw, 300px\" \/><img loading=\"lazy\" decoding=\"async\" class=\"size-medium wp-image-319 alignleft\" src=\"http:\/\/beta.carrelagesserco.ca\/wp-content\/uploads\/2018\/02\/DSC_0080-300x199.jpg\" alt=\"\" width=\"300\" height=\"199\" srcset=\"https:\/\/www.carrelagesserco.ca\/wp-content\/uploads\/2018\/02\/DSC_0080-300x199.jpg 300w, https:\/\/www.carrelagesserco.ca\/wp-content\/uploads\/2018\/02\/DSC_0080-768x510.jpg 768w, https:\/\/www.carrelagesserco.ca\/wp-content\/uploads\/2018\/02\/DSC_0080-700x465.jpg 700w, https:\/\/www.carrelagesserco.ca\/wp-content\/uploads\/2018\/02\/DSC_0080-520x345.jpg 520w, https:\/\/www.carrelagesserco.ca\/wp-content\/uploads\/2018\/02\/DSC_0080-360x239.jpg 360w, https:\/\/www.carrelagesserco.ca\/wp-content\/uploads\/2018\/02\/DSC_0080-250x166.jpg 250w, https:\/\/www.carrelagesserco.ca\/wp-content\/uploads\/2018\/02\/DSC_0080-100x66.jpg 100w, https:\/\/www.carrelagesserco.ca\/wp-content\/uploads\/2018\/02\/DSC_0080.jpg 867w\" sizes=\"auto, (max-width: 300px) 100vw, 300px\" \/> <img loading=\"lazy\" decoding=\"async\" class=\"size-medium wp-image-321 alignleft\" src=\"http:\/\/beta.carrelagesserco.ca\/wp-content\/uploads\/2018\/02\/DSC_0088-300x199.jpg\" alt=\"\" width=\"300\" height=\"199\" srcset=\"https:\/\/www.carrelagesserco.ca\/wp-content\/uploads\/2018\/02\/DSC_0088-300x199.jpg 300w, https:\/\/www.carrelagesserco.ca\/wp-content\/uploads\/2018\/02\/DSC_0088-768x510.jpg 768w, https:\/\/www.carrelagesserco.ca\/wp-content\/uploads\/2018\/02\/DSC_0088-700x465.jpg 700w, https:\/\/www.carrelagesserco.ca\/wp-content\/uploads\/2018\/02\/DSC_0088-520x345.jpg 520w, https:\/\/www.carrelagesserco.ca\/wp-content\/uploads\/2018\/02\/DSC_0088-360x239.jpg 360w, https:\/\/www.carrelagesserco.ca\/wp-content\/uploads\/2018\/02\/DSC_0088-250x166.jpg 250w, https:\/\/www.carrelagesserco.ca\/wp-content\/uploads\/2018\/02\/DSC_0088-100x66.jpg 100w, https:\/\/www.carrelagesserco.ca\/wp-content\/uploads\/2018\/02\/DSC_0088.jpg 867w\" sizes=\"auto, (max-width: 300px) 100vw, 300px\" \/>\u00a0\u00a0 <img loading=\"lazy\" decoding=\"async\" class=\"size-medium wp-image-326 alignleft\" src=\"http:\/\/beta.carrelagesserco.ca\/wp-content\/uploads\/2018\/02\/DSC_0068-300x199.jpg\" alt=\"\" width=\"300\" height=\"199\" srcset=\"https:\/\/www.carrelagesserco.ca\/wp-content\/uploads\/2018\/02\/DSC_0068-300x199.jpg 300w, https:\/\/www.carrelagesserco.ca\/wp-content\/uploads\/2018\/02\/DSC_0068-768x510.jpg 768w, https:\/\/www.carrelagesserco.ca\/wp-content\/uploads\/2018\/02\/DSC_0068-700x465.jpg 700w, https:\/\/www.carrelagesserco.ca\/wp-content\/uploads\/2018\/02\/DSC_0068-520x345.jpg 520w, https:\/\/www.carrelagesserco.ca\/wp-content\/uploads\/2018\/02\/DSC_0068-360x239.jpg 360w, https:\/\/www.carrelagesserco.ca\/wp-content\/uploads\/2018\/02\/DSC_0068-250x166.jpg 250w, https:\/\/www.carrelagesserco.ca\/wp-content\/uploads\/2018\/02\/DSC_0068-100x66.jpg 100w, https:\/\/www.carrelagesserco.ca\/wp-content\/uploads\/2018\/02\/DSC_0068.jpg 867w\" sizes=\"auto, (max-width: 300px) 100vw, 300px\" \/><img loading=\"lazy\" decoding=\"async\" class=\"size-medium wp-image-324 alignleft\" src=\"http:\/\/beta.carrelagesserco.ca\/wp-content\/uploads\/2018\/02\/DSC_0047-300x199.jpg\" alt=\"\" width=\"300\" height=\"199\" srcset=\"https:\/\/www.carrelagesserco.ca\/wp-content\/uploads\/2018\/02\/DSC_0047-300x199.jpg 300w, https:\/\/www.carrelagesserco.ca\/wp-content\/uploads\/2018\/02\/DSC_0047-768x510.jpg 768w, https:\/\/www.carrelagesserco.ca\/wp-content\/uploads\/2018\/02\/DSC_0047-700x465.jpg 700w, https:\/\/www.carrelagesserco.ca\/wp-content\/uploads\/2018\/02\/DSC_0047-520x345.jpg 520w, https:\/\/www.carrelagesserco.ca\/wp-content\/uploads\/2018\/02\/DSC_0047-360x239.jpg 360w, https:\/\/www.carrelagesserco.ca\/wp-content\/uploads\/2018\/02\/DSC_0047-250x166.jpg 250w, https:\/\/www.carrelagesserco.ca\/wp-content\/uploads\/2018\/02\/DSC_0047-100x66.jpg 100w, https:\/\/www.carrelagesserco.ca\/wp-content\/uploads\/2018\/02\/DSC_0047.jpg 867w\" sizes=\"auto, (max-width: 300px) 100vw, 300px\" \/> <img loading=\"lazy\" decoding=\"async\" class=\"size-medium wp-image-325 alignleft\" src=\"http:\/\/beta.carrelagesserco.ca\/wp-content\/uploads\/2018\/02\/DSC_0065-300x199.jpg\" alt=\"\" width=\"300\" height=\"199\" srcset=\"https:\/\/www.carrelagesserco.ca\/wp-content\/uploads\/2018\/02\/DSC_0065-300x199.jpg 300w, https:\/\/www.carrelagesserco.ca\/wp-content\/uploads\/2018\/02\/DSC_0065-768x510.jpg 768w, https:\/\/www.carrelagesserco.ca\/wp-content\/uploads\/2018\/02\/DSC_0065-700x465.jpg 700w, https:\/\/www.carrelagesserco.ca\/wp-content\/uploads\/2018\/02\/DSC_0065-520x345.jpg 520w, https:\/\/www.carrelagesserco.ca\/wp-content\/uploads\/2018\/02\/DSC_0065-360x239.jpg 360w, https:\/\/www.carrelagesserco.ca\/wp-content\/uploads\/2018\/02\/DSC_0065-250x166.jpg 250w, https:\/\/www.carrelagesserco.ca\/wp-content\/uploads\/2018\/02\/DSC_0065-100x66.jpg 100w, https:\/\/www.carrelagesserco.ca\/wp-content\/uploads\/2018\/02\/DSC_0065.jpg 867w\" sizes=\"auto, (max-width: 300px) 100vw, 300px\" \/><!--more--><\/p>\n<p>&nbsp;<\/p>\n<p>&nbsp;<\/p>\n<p>&nbsp;<\/p>\n<p><img loading=\"lazy\" decoding=\"async\" class=\"size-medium wp-image-275 alignleft\" src=\"http:\/\/beta.carrelagesserco.ca\/wp-content\/uploads\/2018\/02\/0053-300x199.jpg\" alt=\"\" width=\"300\" height=\"199\" srcset=\"https:\/\/www.carrelagesserco.ca\/wp-content\/uploads\/2018\/02\/0053-300x199.jpg 300w, https:\/\/www.carrelagesserco.ca\/wp-content\/uploads\/2018\/02\/0053-768x510.jpg 768w, https:\/\/www.carrelagesserco.ca\/wp-content\/uploads\/2018\/02\/0053-750x500.jpg 750w, https:\/\/www.carrelagesserco.ca\/wp-content\/uploads\/2018\/02\/0053.jpg 867w\" sizes=\"auto, (max-width: 300px) 100vw, 300px\" \/> <img loading=\"lazy\" decoding=\"async\" class=\"size-medium wp-image-274 alignleft\" src=\"http:\/\/beta.carrelagesserco.ca\/wp-content\/uploads\/2018\/02\/DSC_0008-300x199.jpg\" alt=\"\" width=\"300\" height=\"199\" srcset=\"https:\/\/www.carrelagesserco.ca\/wp-content\/uploads\/2018\/02\/DSC_0008-300x199.jpg 300w, https:\/\/www.carrelagesserco.ca\/wp-content\/uploads\/2018\/02\/DSC_0008-768x510.jpg 768w, https:\/\/www.carrelagesserco.ca\/wp-content\/uploads\/2018\/02\/DSC_0008-750x500.jpg 750w, https:\/\/www.carrelagesserco.ca\/wp-content\/uploads\/2018\/02\/DSC_0008.jpg 867w\" sizes=\"auto, (max-width: 300px) 100vw, 300px\" \/> <img loading=\"lazy\" decoding=\"async\" class=\"size-medium wp-image-270 alignleft\" src=\"http:\/\/beta.carrelagesserco.ca\/wp-content\/uploads\/2018\/02\/DSC_0044-300x199.jpg\" alt=\"\" width=\"300\" height=\"199\" srcset=\"https:\/\/www.carrelagesserco.ca\/wp-content\/uploads\/2018\/02\/DSC_0044-300x199.jpg 300w, https:\/\/www.carrelagesserco.ca\/wp-content\/uploads\/2018\/02\/DSC_0044-768x510.jpg 768w, https:\/\/www.carrelagesserco.ca\/wp-content\/uploads\/2018\/02\/DSC_0044-750x500.jpg 750w, https:\/\/www.carrelagesserco.ca\/wp-content\/uploads\/2018\/02\/DSC_0044.jpg 867w\" sizes=\"auto, (max-width: 300px) 100vw, 300px\" \/> <img loading=\"lazy\" decoding=\"async\" class=\"size-medium wp-image-273 alignleft\" src=\"http:\/\/beta.carrelagesserco.ca\/wp-content\/uploads\/2018\/02\/DSC_0022-300x199.jpg\" alt=\"\" width=\"300\" height=\"199\" srcset=\"https:\/\/www.carrelagesserco.ca\/wp-content\/uploads\/2018\/02\/DSC_0022-300x199.jpg 300w, https:\/\/www.carrelagesserco.ca\/wp-content\/uploads\/2018\/02\/DSC_0022-768x510.jpg 768w, https:\/\/www.carrelagesserco.ca\/wp-content\/uploads\/2018\/02\/DSC_0022-750x500.jpg 750w, https:\/\/www.carrelagesserco.ca\/wp-content\/uploads\/2018\/02\/DSC_0022.jpg 867w\" sizes=\"auto, (max-width: 300px) 100vw, 300px\" \/> <img loading=\"lazy\" decoding=\"async\" class=\"size-medium wp-image-272 alignleft\" src=\"http:\/\/beta.carrelagesserco.ca\/wp-content\/uploads\/2018\/02\/DSC_0030-300x199.jpg\" alt=\"\" width=\"300\" height=\"199\" srcset=\"https:\/\/www.carrelagesserco.ca\/wp-content\/uploads\/2018\/02\/DSC_0030-300x199.jpg 300w, https:\/\/www.carrelagesserco.ca\/wp-content\/uploads\/2018\/02\/DSC_0030-768x510.jpg 768w, https:\/\/www.carrelagesserco.ca\/wp-content\/uploads\/2018\/02\/DSC_0030-750x500.jpg 750w, https:\/\/www.carrelagesserco.ca\/wp-content\/uploads\/2018\/02\/DSC_0030.jpg 867w\" sizes=\"auto, (max-width: 300px) 100vw, 300px\" \/> <img loading=\"lazy\" decoding=\"async\" class=\"size-medium wp-image-271 alignleft\" src=\"http:\/\/beta.carrelagesserco.ca\/wp-content\/uploads\/2018\/02\/DSC_0041-300x199.jpg\" alt=\"\" width=\"300\" height=\"199\" srcset=\"https:\/\/www.carrelagesserco.ca\/wp-content\/uploads\/2018\/02\/DSC_0041-300x199.jpg 300w, https:\/\/www.carrelagesserco.ca\/wp-content\/uploads\/2018\/02\/DSC_0041-768x510.jpg 768w, https:\/\/www.carrelagesserco.ca\/wp-content\/uploads\/2018\/02\/DSC_0041-750x500.jpg 750w, https:\/\/www.carrelagesserco.ca\/wp-content\/uploads\/2018\/02\/DSC_0041.jpg 867w\" sizes=\"auto, (max-width: 300px) 100vw, 300px\" \/><\/p>\n<p>&nbsp;<\/p>\n<p><strong>Cit\u00e9 du commerce \u00e9lectronique, Montr\u00e9al<\/strong><\/p>\n<p>Granit Atlantic Blue en dalle, marches et plancher install\u00e9s sur lit de mortier fait par nous<\/p>\n<p><!--more--><\/p>\n<p>&nbsp;<\/p>\n<p>&nbsp;<\/p>\n<p style=\"text-align: left;\"><strong>Hotel Marriot, Dorval<br \/>\n<\/strong><\/p>\n<p style=\"text-align: left;\">Installation de pierres naturelles taill\u00e9es au jet d\u2019eau et de c\u00e9ramiques.<br \/>\nChambres, espaces communs et secteurs piscine et spa.<\/p>\n<p><img loading=\"lazy\" decoding=\"async\" class=\"size-medium wp-image-336 alignleft\" src=\"http:\/\/beta.carrelagesserco.ca\/wp-content\/uploads\/2018\/02\/CDP0039-300x200.jpg\" alt=\"\" width=\"300\" height=\"200\" srcset=\"https:\/\/www.carrelagesserco.ca\/wp-content\/uploads\/2018\/02\/CDP0039-300x200.jpg 300w, https:\/\/www.carrelagesserco.ca\/wp-content\/uploads\/2018\/02\/CDP0039-768x511.jpg 768w, https:\/\/www.carrelagesserco.ca\/wp-content\/uploads\/2018\/02\/CDP0039-700x466.jpg 700w, https:\/\/www.carrelagesserco.ca\/wp-content\/uploads\/2018\/02\/CDP0039-520x346.jpg 520w, https:\/\/www.carrelagesserco.ca\/wp-content\/uploads\/2018\/02\/CDP0039-360x240.jpg 360w, https:\/\/www.carrelagesserco.ca\/wp-content\/uploads\/2018\/02\/CDP0039-250x166.jpg 250w, https:\/\/www.carrelagesserco.ca\/wp-content\/uploads\/2018\/02\/CDP0039-100x67.jpg 100w, https:\/\/www.carrelagesserco.ca\/wp-content\/uploads\/2018\/02\/CDP0039.jpg 1022w\" sizes=\"auto, (max-width: 300px) 100vw, 300px\" \/> <img loading=\"lazy\" decoding=\"async\" class=\"size-medium wp-image-332 alignleft\" src=\"http:\/\/beta.carrelagesserco.ca\/wp-content\/uploads\/2018\/02\/CDP0001-300x200.jpg\" alt=\"\" width=\"300\" height=\"200\" srcset=\"https:\/\/www.carrelagesserco.ca\/wp-content\/uploads\/2018\/02\/CDP0001-300x200.jpg 300w, https:\/\/www.carrelagesserco.ca\/wp-content\/uploads\/2018\/02\/CDP0001-768x512.jpg 768w, https:\/\/www.carrelagesserco.ca\/wp-content\/uploads\/2018\/02\/CDP0001-700x467.jpg 700w, https:\/\/www.carrelagesserco.ca\/wp-content\/uploads\/2018\/02\/CDP0001-520x347.jpg 520w, https:\/\/www.carrelagesserco.ca\/wp-content\/uploads\/2018\/02\/CDP0001-360x240.jpg 360w, https:\/\/www.carrelagesserco.ca\/wp-content\/uploads\/2018\/02\/CDP0001-250x167.jpg 250w, https:\/\/www.carrelagesserco.ca\/wp-content\/uploads\/2018\/02\/CDP0001-100x67.jpg 100w, https:\/\/www.carrelagesserco.ca\/wp-content\/uploads\/2018\/02\/CDP0001.jpg 1020w\" sizes=\"auto, (max-width: 300px) 100vw, 300px\" \/> <img loading=\"lazy\" decoding=\"async\" class=\"size-medium wp-image-331 alignleft\" src=\"http:\/\/beta.carrelagesserco.ca\/wp-content\/uploads\/2018\/02\/CDP0056-1-300x200.jpg\" alt=\"\" width=\"300\" height=\"200\" srcset=\"https:\/\/www.carrelagesserco.ca\/wp-content\/uploads\/2018\/02\/CDP0056-1-300x200.jpg 300w, https:\/\/www.carrelagesserco.ca\/wp-content\/uploads\/2018\/02\/CDP0056-1-768x511.jpg 768w, https:\/\/www.carrelagesserco.ca\/wp-content\/uploads\/2018\/02\/CDP0056-1-700x466.jpg 700w, https:\/\/www.carrelagesserco.ca\/wp-content\/uploads\/2018\/02\/CDP0056-1-520x346.jpg 520w, https:\/\/www.carrelagesserco.ca\/wp-content\/uploads\/2018\/02\/CDP0056-1-360x240.jpg 360w, https:\/\/www.carrelagesserco.ca\/wp-content\/uploads\/2018\/02\/CDP0056-1-250x167.jpg 250w, https:\/\/www.carrelagesserco.ca\/wp-content\/uploads\/2018\/02\/CDP0056-1-100x67.jpg 100w, https:\/\/www.carrelagesserco.ca\/wp-content\/uploads\/2018\/02\/CDP0056-1.jpg 1021w\" sizes=\"auto, (max-width: 300px) 100vw, 300px\" \/><img loading=\"lazy\" decoding=\"async\" class=\"size-medium wp-image-332 alignleft\" src=\"http:\/\/beta.carrelagesserco.ca\/wp-content\/uploads\/2018\/02\/CDP0001-300x200.jpg\" alt=\"\" width=\"300\" height=\"200\" srcset=\"https:\/\/www.carrelagesserco.ca\/wp-content\/uploads\/2018\/02\/CDP0001-300x200.jpg 300w, https:\/\/www.carrelagesserco.ca\/wp-content\/uploads\/2018\/02\/CDP0001-768x512.jpg 768w, https:\/\/www.carrelagesserco.ca\/wp-content\/uploads\/2018\/02\/CDP0001-700x467.jpg 700w, https:\/\/www.carrelagesserco.ca\/wp-content\/uploads\/2018\/02\/CDP0001-520x347.jpg 520w, https:\/\/www.carrelagesserco.ca\/wp-content\/uploads\/2018\/02\/CDP0001-360x240.jpg 360w, https:\/\/www.carrelagesserco.ca\/wp-content\/uploads\/2018\/02\/CDP0001-250x167.jpg 250w, https:\/\/www.carrelagesserco.ca\/wp-content\/uploads\/2018\/02\/CDP0001-100x67.jpg 100w, https:\/\/www.carrelagesserco.ca\/wp-content\/uploads\/2018\/02\/CDP0001.jpg 1020w\" sizes=\"auto, (max-width: 300px) 100vw, 300px\" \/> <img loading=\"lazy\" decoding=\"async\" class=\"size-medium wp-image-333 alignleft\" src=\"http:\/\/beta.carrelagesserco.ca\/wp-content\/uploads\/2018\/02\/CDP0006-300x208.jpg\" alt=\"\" width=\"300\" height=\"208\" srcset=\"https:\/\/www.carrelagesserco.ca\/wp-content\/uploads\/2018\/02\/CDP0006-300x208.jpg 300w, https:\/\/www.carrelagesserco.ca\/wp-content\/uploads\/2018\/02\/CDP0006-768x533.jpg 768w, https:\/\/www.carrelagesserco.ca\/wp-content\/uploads\/2018\/02\/CDP0006-700x486.jpg 700w, https:\/\/www.carrelagesserco.ca\/wp-content\/uploads\/2018\/02\/CDP0006-520x361.jpg 520w, https:\/\/www.carrelagesserco.ca\/wp-content\/uploads\/2018\/02\/CDP0006-360x250.jpg 360w, https:\/\/www.carrelagesserco.ca\/wp-content\/uploads\/2018\/02\/CDP0006-250x173.jpg 250w, https:\/\/www.carrelagesserco.ca\/wp-content\/uploads\/2018\/02\/CDP0006-100x69.jpg 100w, https:\/\/www.carrelagesserco.ca\/wp-content\/uploads\/2018\/02\/CDP0006.jpg 980w\" sizes=\"auto, (max-width: 300px) 100vw, 300px\" \/> <img loading=\"lazy\" decoding=\"async\" class=\"size-medium wp-image-334 alignleft\" src=\"http:\/\/beta.carrelagesserco.ca\/wp-content\/uploads\/2018\/02\/CDP0017-300x201.jpg\" alt=\"\" width=\"300\" height=\"201\" srcset=\"https:\/\/www.carrelagesserco.ca\/wp-content\/uploads\/2018\/02\/CDP0017-300x201.jpg 300w, https:\/\/www.carrelagesserco.ca\/wp-content\/uploads\/2018\/02\/CDP0017-768x514.jpg 768w, https:\/\/www.carrelagesserco.ca\/wp-content\/uploads\/2018\/02\/CDP0017-700x469.jpg 700w, https:\/\/www.carrelagesserco.ca\/wp-content\/uploads\/2018\/02\/CDP0017-520x348.jpg 520w, https:\/\/www.carrelagesserco.ca\/wp-content\/uploads\/2018\/02\/CDP0017-360x241.jpg 360w, https:\/\/www.carrelagesserco.ca\/wp-content\/uploads\/2018\/02\/CDP0017-250x167.jpg 250w, https:\/\/www.carrelagesserco.ca\/wp-content\/uploads\/2018\/02\/CDP0017-100x67.jpg 100w, https:\/\/www.carrelagesserco.ca\/wp-content\/uploads\/2018\/02\/CDP0017.jpg 959w\" sizes=\"auto, (max-width: 300px) 100vw, 300px\" \/><\/p>\n<p>&nbsp;<\/p>\n<p>&nbsp;<\/p>\n","protected":false},"excerpt":{"rendered":"<p>Voici quelques projets que nous avons r\u00e9alis\u00e9s: Palais des Congr\u00e8s de Montr\u00e9al Granit chinois (quatre finis diff\u00e9rents) 15mm x 1m, install\u00e9 sur lite de mortier fait par nous \u00a0\u00a0<\/p>\n","protected":false},"author":3,"featured_media":0,"parent":0,"menu_order":0,"comment_status":"closed","ping_status":"closed","template":"","meta":{"footnotes":""},"class_list":["post-185","page","type-page","status-publish","hentry","clearfix"],"_links":{"self":[{"href":"https:\/\/www.carrelagesserco.ca\/index.php\/wp-json\/wp\/v2\/pages\/185","targetHints":{"allow":["GET"]}}],"collection":[{"href":"https:\/\/www.carrelagesserco.ca\/index.php\/wp-json\/wp\/v2\/pages"}],"about":[{"href":"https:\/\/www.carrelagesserco.ca\/index.php\/wp-json\/wp\/v2\/types\/page"}],"author":[{"embeddable":true,"href":"https:\/\/www.carrelagesserco.ca\/index.php\/wp-json\/wp\/v2\/users\/3"}],"replies":[{"embeddable":true,"href":"https:\/\/www.carrelagesserco.ca\/index.php\/wp-json\/wp\/v2\/comments?post=185"}],"version-history":[{"count":28,"href":"https:\/\/www.carrelagesserco.ca\/index.php\/wp-json\/wp\/v2\/pages\/185\/revisions"}],"predecessor-version":[{"id":342,"href":"https:\/\/www.carrelagesserco.ca\/index.php\/wp-json\/wp\/v2\/pages\/185\/revisions\/342"}],"wp:attachment":[{"href":"https:\/\/www.carrelagesserco.ca\/index.php\/wp-json\/wp\/v2\/media?parent=185"}],"curies":[{"name":"wp","href":"https:\/\/api.w.org\/{rel}","templated":true}]}}