{"id":149,"date":"2018-02-02T15:39:37","date_gmt":"2018-02-02T15:39:37","guid":{"rendered":"http:\/\/beta.carrelagesserco.ca\/?page_id=149"},"modified":"2025-07-16T14:55:05","modified_gmt":"2025-07-16T14:55:05","slug":"contacts","status":"publish","type":"page","link":"https:\/\/www.carrelagesserco.ca\/index.php\/contacts\/","title":{"rendered":"Contacts"},"content":{"rendered":"<p><strong>Guillaume Despatie &#8211; Pr\u00e9sident<\/strong><\/p>\n<ul style=\"text-align: left;\">\n<li>guillaume@serco.pro<\/li>\n<li>t\u00e9l et SMS: 514.692.6673<\/li>\n<\/ul>\n<p><strong>Genevi\u00e8ve L\u00e9pine &#8211; Charg\u00e9e de projet<br \/><\/strong><\/p>\n<ul>\n<li>genevieve@serco.pro<\/li>\n<li>t\u00e9l et SMS: 514.993.2695<\/li>\n<\/ul>\n<p><strong>Dominik St-Denis &#8211; Charg\u00e9 de projet<br \/><\/strong><\/p>\n<ul>\n<li>dominik@serco.pro<\/li>\n<li>t\u00e9l et SMS: 438.885.4076<\/li>\n<\/ul>\n<p><strong>St\u00e9phanie Pinglot &#8211; Coordonnatrice de projets<\/strong><\/p>\n<ul>\n<li>stephanie@serco.pro<\/li>\n<li>t\u00e9l et SMS: 514.771.6782<\/li>\n<\/ul>\n<p><strong>Alexa Duhamel-Vall\u00e9e &#8211; Estimatrice<\/strong><\/p>\n<ul>\n<li>alexa@serco.pro<\/li>\n<\/ul>\n<p><strong>Simon Mathieu &#8211; Estimateur<\/strong><\/p>\n<ul style=\"text-align: left;\">\n<li>simon@serco.pro<\/li>\n<\/ul>\n\n\n<p><\/p>\n","protected":false},"excerpt":{"rendered":"<p>Guillaume Despatie &#8211; Pr\u00e9sident guillaume@serco.pro t\u00e9l et SMS: 514.692.6673 Genevi\u00e8ve L\u00e9pine &#8211; Charg\u00e9e de projet genevieve@serco.pro t\u00e9l et SMS: 514.993.2695 Dominik St-Denis &#8211; Charg\u00e9 de projet dominik@serco.pro t\u00e9l et SMS: 438.885.4076 St\u00e9phanie Pinglot &#8211; Coordonnatrice de projets stephanie@serco.pro t\u00e9l et [&hellip;]<\/p>\n","protected":false},"author":3,"featured_media":0,"parent":0,"menu_order":0,"comment_status":"closed","ping_status":"closed","template":"","meta":{"footnotes":""},"class_list":["post-149","page","type-page","status-publish","hentry","clearfix"],"_links":{"self":[{"href":"https:\/\/www.carrelagesserco.ca\/index.php\/wp-json\/wp\/v2\/pages\/149","targetHints":{"allow":["GET"]}}],"collection":[{"href":"https:\/\/www.carrelagesserco.ca\/index.php\/wp-json\/wp\/v2\/pages"}],"about":[{"href":"https:\/\/www.carrelagesserco.ca\/index.php\/wp-json\/wp\/v2\/types\/page"}],"author":[{"embeddable":true,"href":"https:\/\/www.carrelagesserco.ca\/index.php\/wp-json\/wp\/v2\/users\/3"}],"replies":[{"embeddable":true,"href":"https:\/\/www.carrelagesserco.ca\/index.php\/wp-json\/wp\/v2\/comments?post=149"}],"version-history":[{"count":23,"href":"https:\/\/www.carrelagesserco.ca\/index.php\/wp-json\/wp\/v2\/pages\/149\/revisions"}],"predecessor-version":[{"id":544,"href":"https:\/\/www.carrelagesserco.ca\/index.php\/wp-json\/wp\/v2\/pages\/149\/revisions\/544"}],"wp:attachment":[{"href":"https:\/\/www.carrelagesserco.ca\/index.php\/wp-json\/wp\/v2\/media?parent=149"}],"curies":[{"name":"wp","href":"https:\/\/api.w.org\/{rel}","templated":true}]}}