{"id":146,"date":"2018-02-02T15:39:37","date_gmt":"2018-02-02T15:39:37","guid":{"rendered":"http:\/\/beta.carrelagesserco.ca\/?page_id=146"},"modified":"2023-01-12T04:27:29","modified_gmt":"2023-01-12T04:27:29","slug":"nouvelles","status":"publish","type":"page","link":"https:\/\/www.carrelagesserco.ca\/index.php\/nouvelles\/","title":{"rendered":"Nouvelles"},"content":{"rendered":"<p>Toujours en plein expansion, nous avons r\u00e9alis\u00e9 seulement ces deux derni\u00e8res ann\u00e9es, au-del\u00e0 de&nbsp;350 projets de toutes dimensions et tous genres.<\/p>\n<p><img loading=\"lazy\" decoding=\"async\" class=\"alignnone size-medium wp-image-432\" src=\"https:\/\/www.carrelagesserco.ca\/wp-content\/uploads\/2018\/02\/cropped-CDP0056-1-300x200.jpg\" alt=\"\" width=\"300\" height=\"200\" srcset=\"https:\/\/www.carrelagesserco.ca\/wp-content\/uploads\/2018\/02\/cropped-CDP0056-1-300x200.jpg 300w, https:\/\/www.carrelagesserco.ca\/wp-content\/uploads\/2018\/02\/cropped-CDP0056-1-768x511.jpg 768w, https:\/\/www.carrelagesserco.ca\/wp-content\/uploads\/2018\/02\/cropped-CDP0056-1-1024x682.jpg 1024w, https:\/\/www.carrelagesserco.ca\/wp-content\/uploads\/2018\/02\/cropped-CDP0056-1-700x466.jpg 700w, https:\/\/www.carrelagesserco.ca\/wp-content\/uploads\/2018\/02\/cropped-CDP0056-1-520x346.jpg 520w, https:\/\/www.carrelagesserco.ca\/wp-content\/uploads\/2018\/02\/cropped-CDP0056-1-360x240.jpg 360w, https:\/\/www.carrelagesserco.ca\/wp-content\/uploads\/2018\/02\/cropped-CDP0056-1-250x166.jpg 250w, https:\/\/www.carrelagesserco.ca\/wp-content\/uploads\/2018\/02\/cropped-CDP0056-1-100x67.jpg 100w, https:\/\/www.carrelagesserco.ca\/wp-content\/uploads\/2018\/02\/cropped-CDP0056-1.jpg 1920w\" sizes=\"auto, (max-width: 300px) 100vw, 300px\" \/><\/p>\n<p>Quelques exemples&nbsp;:<\/p>\n<p><strong>R\u00e9novations tours <\/strong><strong>\u00e0 bureaux &#8211; Centre-ville de &nbsp;Montr\u00e9al<\/strong><\/p>\n<ul>\n<li>Blocs sanitaires&nbsp;(plusieurs \u00e9tages) &#8211; Tour Banque Nationale 600 de la Gaucheti\u00e8re ouest<\/li>\n<li>Blocs sanitaires&nbsp;(plusieurs \u00e9tages)&nbsp;&#8211; Tour 2020 boul Robert Bourassa<\/li>\n<li>Bureaux d&rsquo;avocats Blakes<\/li>\n<li>Corridors communs 1600 Ren\u00e9 L\u00e9vesque Ouest<\/li>\n<li>Bureaux Medisys &#8211; 600 boul de Maisonneuve Ouest<\/li>\n<\/ul>\n<p><strong>Secteur de l&rsquo;h\u00f4tellerie:<\/strong><\/p>\n<ul>\n<li>H\u00f4tel Le Crystal &#8211; Montr\u00e9al<\/li>\n<li>H\u00f4tel Le Marriot &#8211; A\u00e9roport de Dorval<\/li>\n<li>H\u00f4tel Le Westin &#8211; Montr\u00e9al<\/li>\n<\/ul>\n<p><strong>Concessionnaires automobiles:<\/strong><\/p>\n<ul>\n<li>Porsche Rive-Sud St-Hubert<\/li>\n<li>Mercedes Rive-Sud<\/li>\n<li>Porche Lauzon \u00e0 Laval<\/li>\n<li>Ford Terrebonne<\/li>\n<li>Alfa Rom\u00e9o Montr\u00e9al<\/li>\n<li>Mercedes Mirabel<\/li>\n<\/ul>\n<p><strong>Centres sportifs:<\/strong><\/p>\n<ul>\n<li>Complexe sportif de Brossard<\/li>\n<li>Centre aquatique de Blainville<\/li>\n<li>Centre d&rsquo;excellence sur glace de Boisbriand<\/li>\n<\/ul>\n<p><img loading=\"lazy\" decoding=\"async\" class=\"alignnone size-medium wp-image-407\" src=\"https:\/\/www.carrelagesserco.ca\/wp-content\/uploads\/2018\/02\/MCB0072-1-300x200.jpg\" alt=\"\" width=\"300\" height=\"200\" srcset=\"https:\/\/www.carrelagesserco.ca\/wp-content\/uploads\/2018\/02\/MCB0072-1-300x200.jpg 300w, https:\/\/www.carrelagesserco.ca\/wp-content\/uploads\/2018\/02\/MCB0072-1-768x511.jpg 768w, https:\/\/www.carrelagesserco.ca\/wp-content\/uploads\/2018\/02\/MCB0072-1-700x466.jpg 700w, https:\/\/www.carrelagesserco.ca\/wp-content\/uploads\/2018\/02\/MCB0072-1-520x346.jpg 520w, https:\/\/www.carrelagesserco.ca\/wp-content\/uploads\/2018\/02\/MCB0072-1-360x240.jpg 360w, https:\/\/www.carrelagesserco.ca\/wp-content\/uploads\/2018\/02\/MCB0072-1-250x166.jpg 250w, https:\/\/www.carrelagesserco.ca\/wp-content\/uploads\/2018\/02\/MCB0072-1-100x67.jpg 100w, https:\/\/www.carrelagesserco.ca\/wp-content\/uploads\/2018\/02\/MCB0072-1.jpg 1022w\" sizes=\"auto, (max-width: 300px) 100vw, 300px\" \/><\/p>\n<p><\/p>\n<p>Nous \u0153uvrons aussi dans le secteur r\u00e9sidentiel, r\u00e9novation et construction neuve.<\/p>\n<p>N&rsquo;h\u00e9sitez pas \u00e0 communiquer avec nous pour de plus amples informations.<\/p>\n<p><\/p>\n\n","protected":false},"excerpt":{"rendered":"<p>Toujours en plein expansion, nous avons r\u00e9alis\u00e9 seulement ces deux derni\u00e8res ann\u00e9es, au-del\u00e0 de&nbsp;350 projets de toutes dimensions et tous genres. Quelques exemples&nbsp;: R\u00e9novations tours \u00e0 bureaux &#8211; Centre-ville de &nbsp;Montr\u00e9al Blocs sanitaires&nbsp;(plusieurs \u00e9tages) &#8211; Tour Banque Nationale 600 de [&hellip;]<\/p>\n","protected":false},"author":3,"featured_media":0,"parent":0,"menu_order":0,"comment_status":"closed","ping_status":"closed","template":"page-templates\/page_fullwidth.php","meta":{"footnotes":""},"class_list":["post-146","page","type-page","status-publish","hentry","clearfix"],"_links":{"self":[{"href":"https:\/\/www.carrelagesserco.ca\/index.php\/wp-json\/wp\/v2\/pages\/146","targetHints":{"allow":["GET"]}}],"collection":[{"href":"https:\/\/www.carrelagesserco.ca\/index.php\/wp-json\/wp\/v2\/pages"}],"about":[{"href":"https:\/\/www.carrelagesserco.ca\/index.php\/wp-json\/wp\/v2\/types\/page"}],"author":[{"embeddable":true,"href":"https:\/\/www.carrelagesserco.ca\/index.php\/wp-json\/wp\/v2\/users\/3"}],"replies":[{"embeddable":true,"href":"https:\/\/www.carrelagesserco.ca\/index.php\/wp-json\/wp\/v2\/comments?post=146"}],"version-history":[{"count":19,"href":"https:\/\/www.carrelagesserco.ca\/index.php\/wp-json\/wp\/v2\/pages\/146\/revisions"}],"predecessor-version":[{"id":520,"href":"https:\/\/www.carrelagesserco.ca\/index.php\/wp-json\/wp\/v2\/pages\/146\/revisions\/520"}],"wp:attachment":[{"href":"https:\/\/www.carrelagesserco.ca\/index.php\/wp-json\/wp\/v2\/media?parent=146"}],"curies":[{"name":"wp","href":"https:\/\/api.w.org\/{rel}","templated":true}]}}