{"id":133,"date":"2018-02-02T15:18:48","date_gmt":"2018-02-02T15:18:48","guid":{"rendered":"http:\/\/beta.carrelagesserco.ca\/?page_id=133"},"modified":"2023-01-12T04:15:56","modified_gmt":"2023-01-12T04:15:56","slug":"accueil","status":"publish","type":"page","link":"https:\/\/www.carrelagesserco.ca\/","title":{"rendered":"Notre compagnie"},"content":{"rendered":"<p><span class=\"Apple-style-span\">La Compagnie Les Carrelages Serco inc se sp\u00e9cialise dans l\u2019installation de c\u00e9ramique et de produits naturels, tel que le marbre et le granit. <\/span><\/p>\n<p><span class=\"Apple-style-span\">Comptant pr\u00e8s de 25 ann\u00e9es d\u2019exp\u00e9rience dans le domaine, nous sommes en mesure de r\u00e9pondre \u00e0 vos besoins.&nbsp; <\/span><\/p>\n<p><span class=\"Apple-style-span\">Nous desservons les secteurs r\u00e9sidentiels lourd, commerciaux, industriels et institutionnels.<\/span><\/p>\n<p><span class=\"Apple-style-span\">Notre d\u00e9partement d\u2019estimation, nous permet de vous calculer un&nbsp;juste prix&nbsp;qui respectera votre budget.&nbsp; <\/span><\/p>\n<p><span class=\"Apple-style-span\">D\u00e8s l&rsquo;obtention d&rsquo;un nouveau contrat, nos charg\u00e9s de projets s&rsquo;assurerons&nbsp;de la bonne ex\u00e9cution de votre projet.&nbsp; Nos installateurs professionnels sauront respecter vos \u00e9ch\u00e9anciers et ce, tout en maintenant une qualit\u00e9 d\u2019ex\u00e9cution constante jusqu&rsquo;\u00e0&nbsp;la fin&nbsp;des travaux.<\/span><\/p>\n<p>Notre priorit\u00e9, votre satisfaction.<\/p>\n<p><span class=\"Apple-style-span\">&nbsp;<\/span><\/p>\n","protected":false},"excerpt":{"rendered":"<p>La Compagnie Les Carrelages Serco inc se sp\u00e9cialise dans l\u2019installation de c\u00e9ramique et de produits naturels, tel que le marbre et le granit. Comptant pr\u00e8s de 25 ann\u00e9es d\u2019exp\u00e9rience dans le domaine, nous sommes en mesure de r\u00e9pondre \u00e0 vos [&hellip;]<\/p>\n","protected":false},"author":3,"featured_media":0,"parent":0,"menu_order":0,"comment_status":"closed","ping_status":"closed","template":"","meta":{"footnotes":""},"class_list":["post-133","page","type-page","status-publish","hentry","clearfix"],"_links":{"self":[{"href":"https:\/\/www.carrelagesserco.ca\/index.php\/wp-json\/wp\/v2\/pages\/133","targetHints":{"allow":["GET"]}}],"collection":[{"href":"https:\/\/www.carrelagesserco.ca\/index.php\/wp-json\/wp\/v2\/pages"}],"about":[{"href":"https:\/\/www.carrelagesserco.ca\/index.php\/wp-json\/wp\/v2\/types\/page"}],"author":[{"embeddable":true,"href":"https:\/\/www.carrelagesserco.ca\/index.php\/wp-json\/wp\/v2\/users\/3"}],"replies":[{"embeddable":true,"href":"https:\/\/www.carrelagesserco.ca\/index.php\/wp-json\/wp\/v2\/comments?post=133"}],"version-history":[{"count":13,"href":"https:\/\/www.carrelagesserco.ca\/index.php\/wp-json\/wp\/v2\/pages\/133\/revisions"}],"predecessor-version":[{"id":515,"href":"https:\/\/www.carrelagesserco.ca\/index.php\/wp-json\/wp\/v2\/pages\/133\/revisions\/515"}],"wp:attachment":[{"href":"https:\/\/www.carrelagesserco.ca\/index.php\/wp-json\/wp\/v2\/media?parent=133"}],"curies":[{"name":"wp","href":"https:\/\/api.w.org\/{rel}","templated":true}]}}